{"id":8,"date":"2018-09-23T10:46:08","date_gmt":"2018-09-23T08:46:08","guid":{"rendered":"http:\/\/larix-lubliniec.eu\/wp\/?page_id=8"},"modified":"2024-08-29T09:40:27","modified_gmt":"2024-08-29T07:40:27","slug":"strona-glowna","status":"publish","type":"page","link":"https:\/\/larix-lubliniec.eu\/","title":{"rendered":"Strona g\u0142\u00f3wna"},"content":{"rendered":"<p>Firma PHU LARIX Sp. z o.o. a wcze\u015bniej PHU LARIX Janusz Sowa jest obecna na rynku od 1986r. W pocz\u0105tkowej fazie swojej dzia\u0142alno\u015bci zajmowa\u0142a si\u0119 zak\u0142adaniem i utrzymywaniem teren\u00f3w zieleni miejskiej. Sukcesywnie rozbudowywana i modernizowana baza sprz\u0119towa oraz wyspecjalizowana kadra pozwoli\u0142a na realizacj\u0119 profesjonalnych zada\u0144 i projekt\u00f3w.<\/p>\n<p>Firma LARIX Sp. z o.o. dysponuje najnowocze\u015bniejszym sprz\u0119tem do prowadzenia prac zwi\u0105zanych z budow\u0105 dr\u00f3g, ich zimowym utrzymaniem oraz budow\u0105 koniecznej infrastruktury:<br \/>\u2022 nawierzchnie<br \/>\u2022 pobocza<br \/>\u2022 bariery zabezpieczaj\u0105ce<br \/>\u2022 mosty<br \/>\u2022 przepusty<\/p>\n<p>Wieloletnie do\u015bwiadczenie oraz posiadany sprz\u0119t pozwala na najwy\u017csz\u0105 jako\u015b\u0107 wykonywanych prac.<\/p>\n\n\n<figure class=\"wp-block-image size-large\"><img fetchpriority=\"high\" decoding=\"async\" width=\"1024\" height=\"683\" src=\"https:\/\/larix-lubliniec.eu\/wp-content\/uploads\/2024\/08\/Dofinansowano-ze-srodkow-Larix-60x40-1-1024x683.jpg\" alt=\"\" class=\"wp-image-146\" srcset=\"https:\/\/larix-lubliniec.eu\/wp-content\/uploads\/2024\/08\/Dofinansowano-ze-srodkow-Larix-60x40-1-1024x683.jpg 1024w, https:\/\/larix-lubliniec.eu\/wp-content\/uploads\/2024\/08\/Dofinansowano-ze-srodkow-Larix-60x40-1-300x200.jpg 300w, https:\/\/larix-lubliniec.eu\/wp-content\/uploads\/2024\/08\/Dofinansowano-ze-srodkow-Larix-60x40-1-768x512.jpg 768w, https:\/\/larix-lubliniec.eu\/wp-content\/uploads\/2024\/08\/Dofinansowano-ze-srodkow-Larix-60x40-1-1536x1024.jpg 1536w, https:\/\/larix-lubliniec.eu\/wp-content\/uploads\/2024\/08\/Dofinansowano-ze-srodkow-Larix-60x40-1-2048x1366.jpg 2048w\" sizes=\"(max-width: 1024px) 100vw, 1024px\" \/><\/figure>\n\n\n\n<p class=\"has-text-align-center\"><\/p>\n\n\n\n<p class=\"has-text-align-center has-black-color has-text-color has-link-color has-medium-font-size wp-elements-58ba349cdd31e50c9b4ae1174a345f41\">Ca\u0142kowita warto\u015b\u0107 projektu: 213 502,60 PLN<\/p>\n\n\n\n<p class=\"has-text-align-center has-black-color has-text-color has-link-color has-medium-font-size wp-elements-d09ccbafdc687802edb886149fbb0714\">Warto\u015b\u0107 dofinansowania: 163 300,48 PLN<\/p>\n\n\n\n<p><\/p>\n","protected":false},"excerpt":{"rendered":"<p>Firma PHU LARIX Sp. z o.o. a wcze\u015bniej PHU LARIX Janusz Sowa jest obecna na rynku od 1986r. W pocz\u0105tkowej fazie swojej dzia\u0142alno\u015bci zajmowa\u0142a si\u0119 zak\u0142adaniem i utrzymywaniem teren\u00f3w zieleni miejskiej. Sukcesywnie rozbudowywana i modernizowana baza sprz\u0119towa oraz wyspecjalizowana kadra pozwoli\u0142a na realizacj\u0119 profesjonalnych zada\u0144 i projekt\u00f3w. Firma LARIX Sp&#8230;.<\/p>\n","protected":false},"author":1,"featured_media":0,"parent":0,"menu_order":0,"comment_status":"closed","ping_status":"closed","template":"","meta":{"footnotes":""},"class_list":["post-8","page","type-page","status-publish","hentry"],"_links":{"self":[{"href":"https:\/\/larix-lubliniec.eu\/index.php\/wp-json\/wp\/v2\/pages\/8","targetHints":{"allow":["GET"]}}],"collection":[{"href":"https:\/\/larix-lubliniec.eu\/index.php\/wp-json\/wp\/v2\/pages"}],"about":[{"href":"https:\/\/larix-lubliniec.eu\/index.php\/wp-json\/wp\/v2\/types\/page"}],"author":[{"embeddable":true,"href":"https:\/\/larix-lubliniec.eu\/index.php\/wp-json\/wp\/v2\/users\/1"}],"replies":[{"embeddable":true,"href":"https:\/\/larix-lubliniec.eu\/index.php\/wp-json\/wp\/v2\/comments?post=8"}],"version-history":[{"count":9,"href":"https:\/\/larix-lubliniec.eu\/index.php\/wp-json\/wp\/v2\/pages\/8\/revisions"}],"predecessor-version":[{"id":326,"href":"https:\/\/larix-lubliniec.eu\/index.php\/wp-json\/wp\/v2\/pages\/8\/revisions\/326"}],"wp:attachment":[{"href":"https:\/\/larix-lubliniec.eu\/index.php\/wp-json\/wp\/v2\/media?parent=8"}],"curies":[{"name":"wp","href":"https:\/\/api.w.org\/{rel}","templated":true}]}}